{"id":2833,"date":"2015-11-24T15:53:11","date_gmt":"2015-11-24T14:53:11","guid":{"rendered":"http:\/\/www.nepsis.org\/fr\/?page_id=2833"},"modified":"2025-03-17T23:40:50","modified_gmt":"2025-03-17T22:40:50","slug":"contact","status":"publish","type":"page","link":"http:\/\/www.nepsis.org\/fr\/contact\/","title":{"rendered":"Contact"},"content":{"rendered":"<p>Si toi aussi t&rsquo;aimerais vivre ta jeunesse, bien, avec de la joie, avoir la paix mais \u00e9galement de l&rsquo;\u00e9nergie, nous serons heureux de te compter parmi nous.<\/p>\n<p>Viens nous rencontrer au cours des divers activit\u00e9s et \u00e9v\u00e9nements organis\u00e9s par nous et fais-toi de nouveaux amis \ud83d\ude42<\/p>\n<p>Pour toujours \u00eatre au courant des \u00e9v\u00e9nements que nous organisons, ou pour devenir <strong><span style=\"color: #993366;\">volontaire Nepsis France<\/span><\/strong>, il suffit de nous contacter.<\/p>\n<p>Tu peux nous retrouver:<\/p>\n<p>Sur Instagram: <a href=\"https:\/\/www.instagram.com\/nepsis_fr\/\" target=\"_blank\" rel=\"noopener\">https:\/\/www.instagram.com\/nepsis_fr\/<\/a><\/p>\n<p><span style=\"color: #3366ff;\"><strong>Sur\u00a0<\/strong><strong>Facebook<\/strong><\/span> : <a href=\"https:\/\/www.facebook.com\/profile.php?id=100009381275981&amp;fref=ts\" target=\"_blank\" rel=\"noopener\">Nepsis France (<\/a>ou la page officielle\u00a0<a href=\"https:\/\/www.facebook.com\/NEPSIS-FRANCE-878658268848270\/?fref=ts\" target=\"_blank\" rel=\"noopener\">NEPSIS FRANCE<\/a>)<\/p>\n<p><strong>Par\u00a0mail<\/strong> : <a href=\"mailto:nepsis.france@mitropolia.eu\">nepsis.france@mitropolia.eu<\/a><\/p>\n<p><strong>Au\u00a0t\u00e9l\u00e9phone<\/strong> : +33 (0)6 05 93 90 04<\/p>\n<p>A l&rsquo;adresse: 9 Bis Rue Jean de Beauvais, 75005 Paris, France<\/p>\n<p>Nous attendons avec impatience de te rencontrer \ud83d\ude42<\/p>\n<p><span style=\"color: #999999;\">@NEPSIS Team<\/span><\/p>\n","protected":false},"excerpt":{"rendered":"<p>Si toi aussi t&rsquo;aimerais vivre ta jeunesse, bien, avec de la joie, avoir la paix mais \u00e9galement de l&rsquo;\u00e9nergie, nous serons heureux de te compter parmi nous. Viens nous rencontrer au cours des divers activit\u00e9s et \u00e9v\u00e9nements organis\u00e9s par nous et fais-toi de nouveaux amis \ud83d\ude42 Pour toujours \u00eatre au courant des \u00e9v\u00e9nements que nous<a href=\"http:\/\/www.nepsis.org\/fr\/contact\/\">[&#8230;]<\/a><\/p>\n","protected":false},"author":1,"featured_media":0,"parent":0,"menu_order":0,"comment_status":"open","ping_status":"open","template":"","meta":{"rop_custom_images_group":[],"rop_custom_messages_group":[],"rop_publish_now":"initial","rop_publish_now_accounts":[],"rop_publish_now_history":[],"rop_publish_now_status":"pending","episode_type":"","audio_file":"","cover_image":"","cover_image_id":"","duration":"","filesize":"","date_recorded":"","explicit":"","block":"","itunes_episode_number":"","itunes_title":"","itunes_season_number":"","itunes_episode_type":"","filesize_raw":""},"_links":{"self":[{"href":"http:\/\/www.nepsis.org\/fr\/wp-json\/wp\/v2\/pages\/2833"}],"collection":[{"href":"http:\/\/www.nepsis.org\/fr\/wp-json\/wp\/v2\/pages"}],"about":[{"href":"http:\/\/www.nepsis.org\/fr\/wp-json\/wp\/v2\/types\/page"}],"author":[{"embeddable":true,"href":"http:\/\/www.nepsis.org\/fr\/wp-json\/wp\/v2\/users\/1"}],"replies":[{"embeddable":true,"href":"http:\/\/www.nepsis.org\/fr\/wp-json\/wp\/v2\/comments?post=2833"}],"version-history":[{"count":2,"href":"http:\/\/www.nepsis.org\/fr\/wp-json\/wp\/v2\/pages\/2833\/revisions"}],"predecessor-version":[{"id":3203,"href":"http:\/\/www.nepsis.org\/fr\/wp-json\/wp\/v2\/pages\/2833\/revisions\/3203"}],"wp:attachment":[{"href":"http:\/\/www.nepsis.org\/fr\/wp-json\/wp\/v2\/media?parent=2833"}],"curies":[{"name":"wp","href":"https:\/\/api.w.org\/{rel}","templated":true}]}}