{"id":2253,"date":"2015-05-05T18:00:01","date_gmt":"2015-05-05T17:00:01","guid":{"rendered":"http:\/\/www.nepsis.org\/fr\/sur-nepsis-france\/obiectiv\/"},"modified":"2015-11-23T17:29:17","modified_gmt":"2015-11-23T16:29:17","slug":"objectif","status":"publish","type":"page","link":"http:\/\/www.nepsis.org\/fr\/sur-nepsis-france\/objectif\/","title":{"rendered":"Objectif"},"content":{"rendered":"<blockquote>\n<h3 class=\"western\" lang=\"ro-RO\"><b>Nimic nu poate \u00eenlocui lipsa iubirii, dar iubirea \u00eenlocuie\u015fte toate neajunsurile <\/b>\u2013 Pr Arsenie BOCA<\/h3>\n<\/blockquote>\n<p>&nbsp;<\/p>\n<p>&nbsp;<\/p>\n<p>Asocia\u0163ia NEPSIS, ca parte a Fr\u0103\u0163iilor Nepsis, are ca obiectiv principal <strong>promovarea \u015fi p\u0103strarea credin\u0163ei \u015fi culturii cre\u015ftin-ortodoxe<\/strong> \u00een r\u00e2ndul tinerilor.<\/p>\n<p class=\"western\" lang=\"ro-RO\">Rolul t\u00e2n\u0103rului \u00een societate este unul foarte important, tocmai de aceea, el trebuie pre\u0163uit \u00een mod deosebit.<\/p>\n<p class=\"western\" lang=\"ro-RO\">Astfel, Asocia\u0163ia <strong><span style=\"color: #000080;\">NEPSIS France<\/span><\/strong> \u00ee\u015fi propune crearea condi\u0163iilor optime de <strong><span style=\"color: #000080;\">\u00eent\u00e2lnire, comunicare \/ socializare, \u00een\u0163elegere \u015fi sprijin a tinerilor<\/span>,<\/strong> printr-o palet\u0103 divers\u0103 de activit\u0103\u0163i.<\/p>\n<p>&nbsp;<\/p>\n<p>&nbsp;<\/p>\n<p class=\"western\" lang=\"ro-RO\"><span style=\"color: #808080;\">@NEPSIS Team<\/span><\/p>\n<p class=\"western\" lang=\"ro-RO\"><a href=\"http:\/\/www.nepsis.org\/wp-content\/uploads\/2012\/10\/DSC00414.jpg\" data-rel=\"lightbox-image-0\" data-rl_title=\"\" data-rl_caption=\"\" title=\"\"><img decoding=\"async\" loading=\"lazy\" class=\"aligncenter size-full wp-image-812\" src=\"http:\/\/www.nepsis.org\/wp-content\/uploads\/2012\/10\/DSC00414.jpg\" alt=\"SONY DSC\" width=\"2048\" height=\"1371\" srcset=\"http:\/\/www.nepsis.org\/wp-content\/uploads\/2012\/10\/DSC00414.jpg 2048w, http:\/\/www.nepsis.org\/wp-content\/uploads\/2012\/10\/DSC00414-300x200.jpg 300w, http:\/\/www.nepsis.org\/wp-content\/uploads\/2012\/10\/DSC00414-1024x685.jpg 1024w, http:\/\/www.nepsis.org\/wp-content\/uploads\/2012\/10\/DSC00414-930x622.jpg 930w\" sizes=\"(max-width: 2048px) 100vw, 2048px\" \/><\/a><\/p>\n<p>&nbsp;<\/p>\n<p class=\"western\" lang=\"ro-RO\"><a href=\"http:\/\/www.nepsis.org\/wp-content\/uploads\/2014\/05\/IMG_5196.jpg\" data-rel=\"lightbox-image-1\" data-rl_title=\"\" data-rl_caption=\"\" title=\"\"><img decoding=\"async\" loading=\"lazy\" class=\"aligncenter size-full wp-image-1097\" src=\"http:\/\/www.nepsis.org\/wp-content\/uploads\/2014\/05\/IMG_5196.jpg\" alt=\"Manastirea Malvialle in padure\" width=\"4000\" height=\"2248\" srcset=\"http:\/\/www.nepsis.org\/wp-content\/uploads\/2014\/05\/IMG_5196.jpg 4000w, http:\/\/www.nepsis.org\/wp-content\/uploads\/2014\/05\/IMG_5196-300x168.jpg 300w, http:\/\/www.nepsis.org\/wp-content\/uploads\/2014\/05\/IMG_5196-1024x575.jpg 1024w, http:\/\/www.nepsis.org\/wp-content\/uploads\/2014\/05\/IMG_5196-1280x719.jpg 1280w\" sizes=\"(max-width: 4000px) 100vw, 4000px\" \/><\/a><\/p>\n<p>&nbsp;<\/p>\n<p class=\"western\" lang=\"ro-RO\"><a href=\"http:\/\/www.nepsis.org\/wp-content\/uploads\/2012\/06\/IMG_0483.jpg\" data-rel=\"lightbox-image-2\" data-rl_title=\"\" data-rl_caption=\"\" title=\"\"><img decoding=\"async\" loading=\"lazy\" class=\"aligncenter size-full wp-image-1007\" src=\"http:\/\/www.nepsis.org\/wp-content\/uploads\/2012\/06\/IMG_0483.jpg\" alt=\"IMG_0483\" width=\"6898\" height=\"2498\" srcset=\"http:\/\/www.nepsis.org\/wp-content\/uploads\/2012\/06\/IMG_0483.jpg 6898w, http:\/\/www.nepsis.org\/wp-content\/uploads\/2012\/06\/IMG_0483-300x108.jpg 300w, http:\/\/www.nepsis.org\/wp-content\/uploads\/2012\/06\/IMG_0483-1024x370.jpg 1024w, http:\/\/www.nepsis.org\/wp-content\/uploads\/2012\/06\/IMG_0483-1280x463.jpg 1280w\" sizes=\"(max-width: 6898px) 100vw, 6898px\" \/><\/a><\/p>\n<p>&nbsp;<\/p>\n<p class=\"western\" lang=\"ro-RO\"><a href=\"http:\/\/www.nepsis.org\/wp-content\/uploads\/2015\/05\/112031116477244620393317201318666282785659n1280x1024.jpg\" data-rel=\"lightbox-image-3\" data-rl_title=\"\" data-rl_caption=\"\" title=\"\"><img decoding=\"async\" loading=\"lazy\" class=\"aligncenter  wp-image-1554\" src=\"http:\/\/www.nepsis.org\/wp-content\/uploads\/2015\/05\/112031116477244620393317201318666282785659n1280x1024.jpg\" alt=\"112031116477244620393317201318666282785659n1280x1024\" width=\"729\" height=\"583\" srcset=\"http:\/\/www.nepsis.org\/wp-content\/uploads\/2015\/05\/112031116477244620393317201318666282785659n1280x1024.jpg 1280w, http:\/\/www.nepsis.org\/wp-content\/uploads\/2015\/05\/112031116477244620393317201318666282785659n1280x1024-300x240.jpg 300w, http:\/\/www.nepsis.org\/wp-content\/uploads\/2015\/05\/112031116477244620393317201318666282785659n1280x1024-1024x819.jpg 1024w\" sizes=\"(max-width: 729px) 100vw, 729px\" \/><\/a><\/p>\n<p>&nbsp;<\/p>\n<p class=\"western\" lang=\"ro-RO\"><a href=\"http:\/\/www.nepsis.org\/wp-content\/uploads\/2015\/05\/IMG_6222-2.jpg\" data-rel=\"lightbox-image-4\" data-rl_title=\"\" data-rl_caption=\"\" title=\"\"><img decoding=\"async\" loading=\"lazy\" class=\"aligncenter size-full wp-image-1612\" src=\"http:\/\/www.nepsis.org\/wp-content\/uploads\/2015\/05\/IMG_6222-2.jpg\" alt=\"IMG_6222-2\" width=\"5472\" height=\"3648\" srcset=\"http:\/\/www.nepsis.org\/wp-content\/uploads\/2015\/05\/IMG_6222-2.jpg 5472w, http:\/\/www.nepsis.org\/wp-content\/uploads\/2015\/05\/IMG_6222-2-300x200.jpg 300w, http:\/\/www.nepsis.org\/wp-content\/uploads\/2015\/05\/IMG_6222-2-1024x683.jpg 1024w\" sizes=\"(max-width: 5472px) 100vw, 5472px\" \/><\/a><\/p>\n<p>&nbsp;<\/p>\n<p class=\"western\" lang=\"ro-RO\"><a href=\"http:\/\/www.nepsis.org\/wp-content\/uploads\/2015\/05\/IMG_2901-2.jpg\" data-rel=\"lightbox-image-5\" data-rl_title=\"\" data-rl_caption=\"\" title=\"\"><img decoding=\"async\" loading=\"lazy\" class=\"aligncenter size-full wp-image-1606\" src=\"http:\/\/www.nepsis.org\/wp-content\/uploads\/2015\/05\/IMG_2901-2.jpg\" alt=\"IMG_2901-2\" width=\"3648\" height=\"2432\" srcset=\"http:\/\/www.nepsis.org\/wp-content\/uploads\/2015\/05\/IMG_2901-2.jpg 3648w, http:\/\/www.nepsis.org\/wp-content\/uploads\/2015\/05\/IMG_2901-2-300x200.jpg 300w, http:\/\/www.nepsis.org\/wp-content\/uploads\/2015\/05\/IMG_2901-2-1024x683.jpg 1024w\" sizes=\"(max-width: 3648px) 100vw, 3648px\" \/><\/a><\/p>\n<p>&nbsp;<\/p>\n<p class=\"western\" lang=\"ro-RO\"><a href=\"http:\/\/www.nepsis.org\/wp-content\/uploads\/2015\/05\/IMG_7007-2.jpg\" data-rel=\"lightbox-image-6\" data-rl_title=\"\" data-rl_caption=\"\" title=\"\"><img decoding=\"async\" loading=\"lazy\" class=\"aligncenter size-full wp-image-1616\" src=\"http:\/\/www.nepsis.org\/wp-content\/uploads\/2015\/05\/IMG_7007-2.jpg\" alt=\"IMG_7007-2\" width=\"3648\" height=\"2432\" srcset=\"http:\/\/www.nepsis.org\/wp-content\/uploads\/2015\/05\/IMG_7007-2.jpg 3648w, http:\/\/www.nepsis.org\/wp-content\/uploads\/2015\/05\/IMG_7007-2-300x200.jpg 300w, http:\/\/www.nepsis.org\/wp-content\/uploads\/2015\/05\/IMG_7007-2-1024x683.jpg 1024w\" sizes=\"(max-width: 3648px) 100vw, 3648px\" \/><\/a><\/p>\n<p>&nbsp;<\/p>\n<p><a href=\"http:\/\/www.nepsis.org\/wp-content\/uploads\/2015\/05\/IMG_6947-2.jpg\" data-rel=\"lightbox-image-7\" data-rl_title=\"\" data-rl_caption=\"\" title=\"\"><img decoding=\"async\" loading=\"lazy\" class=\"aligncenter size-full wp-image-1614\" src=\"http:\/\/www.nepsis.org\/wp-content\/uploads\/2015\/05\/IMG_6947-2.jpg\" alt=\"IMG_6947-2\" width=\"5472\" height=\"3648\" srcset=\"http:\/\/www.nepsis.org\/wp-content\/uploads\/2015\/05\/IMG_6947-2.jpg 5472w, http:\/\/www.nepsis.org\/wp-content\/uploads\/2015\/05\/IMG_6947-2-300x200.jpg 300w, http:\/\/www.nepsis.org\/wp-content\/uploads\/2015\/05\/IMG_6947-2-1024x683.jpg 1024w\" sizes=\"(max-width: 5472px) 100vw, 5472px\" \/><\/a><\/p>\n<p>&nbsp;<\/p>\n<p><a href=\"http:\/\/www.nepsis.org\/wp-content\/uploads\/2015\/05\/IMG_9740-2.jpg\" data-rel=\"lightbox-image-8\" data-rl_title=\"\" data-rl_caption=\"\" title=\"\"><img decoding=\"async\" loading=\"lazy\" class=\"aligncenter size-full wp-image-1627\" src=\"http:\/\/www.nepsis.org\/wp-content\/uploads\/2015\/05\/IMG_9740-2.jpg\" alt=\"IMG_9740-2\" width=\"3648\" height=\"2432\" srcset=\"http:\/\/www.nepsis.org\/wp-content\/uploads\/2015\/05\/IMG_9740-2.jpg 3648w, http:\/\/www.nepsis.org\/wp-content\/uploads\/2015\/05\/IMG_9740-2-300x200.jpg 300w, http:\/\/www.nepsis.org\/wp-content\/uploads\/2015\/05\/IMG_9740-2-1024x683.jpg 1024w\" sizes=\"(max-width: 3648px) 100vw, 3648px\" \/><\/a><\/p>\n<p>&nbsp;<\/p>\n<p><a href=\"http:\/\/www.nepsis.org\/wp-content\/uploads\/2015\/05\/11136622_1434462200184633_5270979038732753277_n.jpg\" data-rel=\"lightbox-image-9\" data-rl_title=\"\" data-rl_caption=\"\" title=\"\"><img decoding=\"async\" loading=\"lazy\" class=\"aligncenter size-full wp-image-1702\" src=\"http:\/\/www.nepsis.org\/wp-content\/uploads\/2015\/05\/11136622_1434462200184633_5270979038732753277_n.jpg\" alt=\"11136622_1434462200184633_5270979038732753277_n\" width=\"960\" height=\"640\" srcset=\"http:\/\/www.nepsis.org\/wp-content\/uploads\/2015\/05\/11136622_1434462200184633_5270979038732753277_n.jpg 960w, http:\/\/www.nepsis.org\/wp-content\/uploads\/2015\/05\/11136622_1434462200184633_5270979038732753277_n-300x200.jpg 300w\" sizes=\"(max-width: 960px) 100vw, 960px\" \/><\/a><\/p>\n<p>&nbsp;<\/p>\n<p><a href=\"http:\/\/www.nepsis.org\/wp-content\/uploads\/2015\/05\/11050828_1422066018090918_5327117483465763082_n.jpg\" data-rel=\"lightbox-image-10\" data-rl_title=\"\" data-rl_caption=\"\" title=\"\"><img decoding=\"async\" loading=\"lazy\" class=\"aligncenter size-full wp-image-1701\" src=\"http:\/\/www.nepsis.org\/wp-content\/uploads\/2015\/05\/11050828_1422066018090918_5327117483465763082_n.jpg\" alt=\"11050828_1422066018090918_5327117483465763082_n\" width=\"960\" height=\"640\" srcset=\"http:\/\/www.nepsis.org\/wp-content\/uploads\/2015\/05\/11050828_1422066018090918_5327117483465763082_n.jpg 960w, http:\/\/www.nepsis.org\/wp-content\/uploads\/2015\/05\/11050828_1422066018090918_5327117483465763082_n-300x200.jpg 300w\" sizes=\"(max-width: 960px) 100vw, 960px\" \/><\/a><\/p>\n","protected":false},"excerpt":{"rendered":"<p>Nimic nu poate \u00eenlocui lipsa iubirii, dar iubirea \u00eenlocuie\u015fte toate neajunsurile \u2013 Pr Arsenie BOCA &nbsp; &nbsp; Asocia\u0163ia NEPSIS, ca parte a Fr\u0103\u0163iilor Nepsis, are ca obiectiv principal promovarea \u015fi p\u0103strarea credin\u0163ei \u015fi culturii cre\u015ftin-ortodoxe \u00een r\u00e2ndul tinerilor. Rolul t\u00e2n\u0103rului \u00een societate este unul foarte important, tocmai de aceea, el trebuie pre\u0163uit \u00een mod deosebit.<a href=\"http:\/\/www.nepsis.org\/fr\/sur-nepsis-france\/objectif\/\">[&#8230;]<\/a><\/p>\n","protected":false},"author":1,"featured_media":0,"parent":2247,"menu_order":0,"comment_status":"open","ping_status":"open","template":"","meta":{"rop_custom_images_group":[],"rop_custom_messages_group":[],"rop_publish_now":"initial","rop_publish_now_accounts":[],"rop_publish_now_history":[],"rop_publish_now_status":"pending","episode_type":"","audio_file":"","cover_image":"","cover_image_id":"","duration":"","filesize":"","date_recorded":"","explicit":"","block":"","itunes_episode_number":"","itunes_title":"","itunes_season_number":"","itunes_episode_type":"","filesize_raw":""},"_links":{"self":[{"href":"http:\/\/www.nepsis.org\/fr\/wp-json\/wp\/v2\/pages\/2253"}],"collection":[{"href":"http:\/\/www.nepsis.org\/fr\/wp-json\/wp\/v2\/pages"}],"about":[{"href":"http:\/\/www.nepsis.org\/fr\/wp-json\/wp\/v2\/types\/page"}],"author":[{"embeddable":true,"href":"http:\/\/www.nepsis.org\/fr\/wp-json\/wp\/v2\/users\/1"}],"replies":[{"embeddable":true,"href":"http:\/\/www.nepsis.org\/fr\/wp-json\/wp\/v2\/comments?post=2253"}],"version-history":[{"count":1,"href":"http:\/\/www.nepsis.org\/fr\/wp-json\/wp\/v2\/pages\/2253\/revisions"}],"predecessor-version":[{"id":2262,"href":"http:\/\/www.nepsis.org\/fr\/wp-json\/wp\/v2\/pages\/2253\/revisions\/2262"}],"up":[{"embeddable":true,"href":"http:\/\/www.nepsis.org\/fr\/wp-json\/wp\/v2\/pages\/2247"}],"wp:attachment":[{"href":"http:\/\/www.nepsis.org\/fr\/wp-json\/wp\/v2\/media?parent=2253"}],"curies":[{"name":"wp","href":"https:\/\/api.w.org\/{rel}","templated":true}]}}