{"id":2250,"date":"2015-05-07T17:45:30","date_gmt":"2015-05-07T16:45:30","guid":{"rendered":"http:\/\/www.nepsis.org\/fr\/sur-nepsis-france\/echipa-nepsis-france\/"},"modified":"2025-03-17T23:36:07","modified_gmt":"2025-03-17T22:36:07","slug":"equipe-nepsis-france","status":"publish","type":"page","link":"http:\/\/www.nepsis.org\/fr\/sur-nepsis-france\/equipe-nepsis-france\/","title":{"rendered":"L&rsquo;\u00e9quipe Nepsis France"},"content":{"rendered":"<p class=\"western\" lang=\"ro-RO\">L&rsquo;\u00e9quipe de NEPSIS France s&rsquo;est renouvel\u00e9e le 30 mai 2024 lors de la derni\u00e8re assembl\u00e9e g\u00e9n\u00e9rale de l&rsquo;association.<\/p>\n<h3 class=\"western\" lang=\"ro-RO\"><span style=\"font-size: medium;\"><b>Conseil d&rsquo;administration:\u00a0<\/b><\/span><\/h3>\n<table style=\"height: 789px; width: 100%;\" width=\"634\">\n<tbody>\n<tr>\n<td>\n<p class=\"western\" lang=\"ro-RO\"><span style=\"color: #000080;\"><span style=\"font-size: medium;\"><b>Pr\u00e9sidente<br \/>\nMembre du conseil d&rsquo;administration<\/b><\/span><\/span><\/p>\n<\/td>\n<td style=\"text-align: center;\">\n<p class=\"western\" lang=\"ro-RO\"><span style=\"color: #000000;\"><b>Maria IONESCU<\/b><\/span><\/p>\n<\/td>\n<td><span style=\"color: #000080;\">\u00a0<\/span><\/td>\n<\/tr>\n<tr>\n<td>\n<p class=\"western\" lang=\"ro-RO\"><span style=\"color: #000080;\"><span style=\"font-size: medium;\"><b>Vice-pr\u00e9sident<br \/>\nMembre du conseil d&rsquo;administration<\/b><\/span><\/span><\/p>\n<\/td>\n<td style=\"text-align: center;\">\n<p class=\"western\" lang=\"ro-RO\"><span style=\"color: #000000;\"><b>Nikolas TIRRIER<\/b><\/span><\/p>\n<\/td>\n<td><span style=\"color: #000080;\">\u00a0<\/span><\/td>\n<\/tr>\n<tr>\n<td>\n<p class=\"western\" lang=\"ro-RO\"><span style=\"color: #000080;\"><span style=\"font-size: medium;\"><b>Vice-pr\u00e9sident<br \/>\nMembre du conseil d&rsquo;administration<\/b><\/span><\/span><\/p>\n<\/td>\n<td style=\"text-align: center;\">\n<p class=\"western\" lang=\"ro-RO\"><span style=\"color: #000000;\"><b>Damian FILIP<\/b><\/span><\/p>\n<\/td>\n<td><span style=\"color: #000080;\">\u00a0<\/span><\/td>\n<\/tr>\n<tr>\n<td>\n<p class=\"western\" lang=\"ro-RO\"><span style=\"color: #000080;\"><span style=\"font-size: medium;\"><b>Vice-pr\u00e9sident<br \/>\nMembre du conseil d&rsquo;administration<\/b><\/span><\/span><\/p>\n<\/td>\n<td style=\"text-align: center;\">\n<p class=\"western\" lang=\"ro-RO\"><span style=\"color: #000000;\"><b>Cveta DASIC<\/b><\/span><\/p>\n<\/td>\n<td><span style=\"color: #000080;\">\u00a0<\/span><\/td>\n<\/tr>\n<tr>\n<td>\n<p class=\"western\" lang=\"ro-RO\"><span style=\"color: #000080;\"><span style=\"font-size: medium;\"><b>Vice-pr\u00e9sident<br \/>\nMembre du conseil d&rsquo;administration<\/b><\/span><\/span><\/p>\n<\/td>\n<td style=\"text-align: center;\">\n<p class=\"western\" lang=\"ro-RO\"><span style=\"color: #000000;\"><b>Ionut Daniel GODJA<\/b><\/span><\/p>\n<\/td>\n<td><span style=\"color: #000080;\">\u00a0<\/span><\/td>\n<\/tr>\n<tr>\n<td>\n<p class=\"western\" lang=\"ro-RO\"><span style=\"color: #000080;\"><span style=\"font-size: medium;\"><b>Tr\u00e9sorier<br \/>\nMembre du conseil d&rsquo;administration<\/b><\/span><\/span><\/p>\n<\/td>\n<td style=\"text-align: center;\">\n<p class=\"western\" lang=\"ro-RO\"><span style=\"color: #000000;\"><b>Ioana BENA<\/b><\/span><\/p>\n<\/td>\n<td><span style=\"color: #000080;\">\u00a0<\/span><\/td>\n<\/tr>\n<tr>\n<td>\n<p class=\"western\" lang=\"ro-RO\"><span style=\"color: #000080;\"><span style=\"font-size: medium;\"><b>Secr\u00e9taire<br \/>\nMembre du conseil d&rsquo;administration<\/b><\/span><\/span><\/p>\n<\/td>\n<td style=\"text-align: center;\">\n<p class=\"western\" lang=\"ro-RO\"><span style=\"color: #000000;\"><b>Marta DEAC<\/b><\/span><\/p>\n<\/td>\n<td><span style=\"color: #000080;\">\u00a0<\/span><\/td>\n<\/tr>\n<tr>\n<td>\n<p class=\"western\" lang=\"ro-RO\"><span style=\"color: #000080;\"><span style=\"font-size: medium;\"><b>Administratrice<br \/>\nMembre du conseil d&rsquo;administration<\/b><\/span><\/span><\/p>\n<\/td>\n<td style=\"text-align: center;\">\n<p class=\"western\" lang=\"ro-RO\"><strong>Stefania CHIRU<\/strong><\/p>\n<\/td>\n<td><span style=\"color: #000080;\">\u00a0<\/span><\/td>\n<\/tr>\n<\/tbody>\n<\/table>\n<table style=\"height: 206px;\" width=\"640\">\n<tbody>\n<tr>\n<td><strong><span style=\"color: #000080;\">Aum\u00f4nier Nepsis France<\/span><\/strong><\/td>\n<td><strong>Pr Iulian NISTEA<\/strong><\/td>\n<td><a href=\"http:\/\/www.nepsis.org\/wp-content\/uploads\/2015\/05\/10431171_737679329588933_7337232941765739634_o.jpg\" data-rel=\"lightbox-image-0\" data-rl_title=\"\" data-rl_caption=\"\" title=\"\"><img decoding=\"async\" loading=\"lazy\" class=\"aligncenter wp-image-2251 size-medium\" src=\"http:\/\/www.nepsis.org\/wp-content\/uploads\/2015\/05\/10431171_737679329588933_7337232941765739634_o-300x200.jpg\" alt=\"Pr. Iulian Nistea\" width=\"300\" height=\"200\" srcset=\"http:\/\/www.nepsis.org\/wp-content\/uploads\/2015\/05\/10431171_737679329588933_7337232941765739634_o-300x200.jpg 300w, http:\/\/www.nepsis.org\/wp-content\/uploads\/2015\/05\/10431171_737679329588933_7337232941765739634_o-1024x682.jpg 1024w, http:\/\/www.nepsis.org\/wp-content\/uploads\/2015\/05\/10431171_737679329588933_7337232941765739634_o.jpg 1200w\" sizes=\"(max-width: 300px) 100vw, 300px\" \/><\/a><\/td>\n<\/tr>\n<\/tbody>\n<\/table>\n","protected":false},"excerpt":{"rendered":"<p>L&rsquo;\u00e9quipe de NEPSIS France s&rsquo;est renouvel\u00e9e le 30 mai 2024 lors de la derni\u00e8re assembl\u00e9e g\u00e9n\u00e9rale de l&rsquo;association. Conseil d&rsquo;administration:\u00a0 Pr\u00e9sidente Membre du conseil d&rsquo;administration Maria IONESCU \u00a0 Vice-pr\u00e9sident Membre du conseil d&rsquo;administration Nikolas TIRRIER \u00a0 Vice-pr\u00e9sident Membre du conseil d&rsquo;administration Damian FILIP \u00a0 Vice-pr\u00e9sident Membre du conseil d&rsquo;administration Cveta DASIC \u00a0 Vice-pr\u00e9sident Membre du<a href=\"http:\/\/www.nepsis.org\/fr\/sur-nepsis-france\/equipe-nepsis-france\/\">[&#8230;]<\/a><\/p>\n","protected":false},"author":1,"featured_media":0,"parent":2247,"menu_order":0,"comment_status":"open","ping_status":"open","template":"","meta":{"rop_custom_images_group":[],"rop_custom_messages_group":[],"rop_publish_now":"initial","rop_publish_now_accounts":[],"rop_publish_now_history":[],"rop_publish_now_status":"pending","episode_type":"","audio_file":"","cover_image":"","cover_image_id":"","duration":"","filesize":"","date_recorded":"","explicit":"","block":"","itunes_episode_number":"","itunes_title":"","itunes_season_number":"","itunes_episode_type":"","filesize_raw":""},"_links":{"self":[{"href":"http:\/\/www.nepsis.org\/fr\/wp-json\/wp\/v2\/pages\/2250"}],"collection":[{"href":"http:\/\/www.nepsis.org\/fr\/wp-json\/wp\/v2\/pages"}],"about":[{"href":"http:\/\/www.nepsis.org\/fr\/wp-json\/wp\/v2\/types\/page"}],"author":[{"embeddable":true,"href":"http:\/\/www.nepsis.org\/fr\/wp-json\/wp\/v2\/users\/1"}],"replies":[{"embeddable":true,"href":"http:\/\/www.nepsis.org\/fr\/wp-json\/wp\/v2\/comments?post=2250"}],"version-history":[{"count":8,"href":"http:\/\/www.nepsis.org\/fr\/wp-json\/wp\/v2\/pages\/2250\/revisions"}],"predecessor-version":[{"id":3198,"href":"http:\/\/www.nepsis.org\/fr\/wp-json\/wp\/v2\/pages\/2250\/revisions\/3198"}],"up":[{"embeddable":true,"href":"http:\/\/www.nepsis.org\/fr\/wp-json\/wp\/v2\/pages\/2247"}],"wp:attachment":[{"href":"http:\/\/www.nepsis.org\/fr\/wp-json\/wp\/v2\/media?parent=2250"}],"curies":[{"name":"wp","href":"https:\/\/api.w.org\/{rel}","templated":true}]}}