{"id":2243,"date":"2015-05-05T17:52:57","date_gmt":"2015-05-05T16:52:57","guid":{"rendered":"http:\/\/www.nepsis.org\/fr\/activites-culturelles\/nepsis-summer-festival\/"},"modified":"2016-12-15T16:42:27","modified_gmt":"2016-12-15T15:42:27","slug":"nepsis-summer-festival","status":"publish","type":"page","link":"http:\/\/www.nepsis.org\/fr\/activites-culturelles\/nepsis-summer-festival\/","title":{"rendered":"Nepsis Summer Festival"},"content":{"rendered":"<p>&nbsp;<\/p>\n<p><a href=\"http:\/\/www.nepsis.org\/wp-content\/uploads\/2015\/03\/Homepage.jpg\" data-rel=\"lightbox-image-0\" data-rl_title=\"\" data-rl_caption=\"\" title=\"\"><img decoding=\"async\" loading=\"lazy\" class=\"aligncenter size-full wp-image-1197\" src=\"http:\/\/www.nepsis.org\/wp-content\/uploads\/2015\/03\/Homepage.jpg\" alt=\"Homepage\" width=\"960\" height=\"350\" srcset=\"http:\/\/www.nepsis.org\/wp-content\/uploads\/2015\/03\/Homepage.jpg 960w, http:\/\/www.nepsis.org\/wp-content\/uploads\/2015\/03\/Homepage-300x109.jpg 300w\" sizes=\"(max-width: 960px) 100vw, 960px\" \/><\/a><\/p>\n<p>&nbsp;<\/p>\n<p><span style=\"color: #999999;\"><em>(page en attente de traduction)<\/em><\/span><\/p>\n<p><span style=\"color: #999999;\"><em>PS: si tu veux donner un coup de main \u00e0 l&rsquo;\u00e9quipe #NepsisFrance, n&rsquo;h\u00e9sites pas \u00e0 nous \u00e9crire \u00e0 nepsis.france@mitropolia.eu \ud83d\ude42\u00a0<\/em><\/span><\/p>\n","protected":false},"excerpt":{"rendered":"<p>&nbsp; &nbsp; (page en attente de traduction) PS: si tu veux donner un coup de main \u00e0 l&rsquo;\u00e9quipe #NepsisFrance, n&rsquo;h\u00e9sites pas \u00e0 nous \u00e9crire \u00e0 nepsis.france@mitropolia.eu \ud83d\ude42\u00a0<\/p>\n","protected":false},"author":1,"featured_media":0,"parent":2235,"menu_order":0,"comment_status":"open","ping_status":"open","template":"","meta":{"rop_custom_images_group":[],"rop_custom_messages_group":[],"rop_publish_now":"initial","rop_publish_now_accounts":[],"rop_publish_now_history":[],"rop_publish_now_status":"pending","episode_type":"","audio_file":"","cover_image":"","cover_image_id":"","duration":"","filesize":"","date_recorded":"","explicit":"","block":"","itunes_episode_number":"","itunes_title":"","itunes_season_number":"","itunes_episode_type":"","filesize_raw":""},"_links":{"self":[{"href":"http:\/\/www.nepsis.org\/fr\/wp-json\/wp\/v2\/pages\/2243"}],"collection":[{"href":"http:\/\/www.nepsis.org\/fr\/wp-json\/wp\/v2\/pages"}],"about":[{"href":"http:\/\/www.nepsis.org\/fr\/wp-json\/wp\/v2\/types\/page"}],"author":[{"embeddable":true,"href":"http:\/\/www.nepsis.org\/fr\/wp-json\/wp\/v2\/users\/1"}],"replies":[{"embeddable":true,"href":"http:\/\/www.nepsis.org\/fr\/wp-json\/wp\/v2\/comments?post=2243"}],"version-history":[{"count":4,"href":"http:\/\/www.nepsis.org\/fr\/wp-json\/wp\/v2\/pages\/2243\/revisions"}],"predecessor-version":[{"id":3029,"href":"http:\/\/www.nepsis.org\/fr\/wp-json\/wp\/v2\/pages\/2243\/revisions\/3029"}],"up":[{"embeddable":true,"href":"http:\/\/www.nepsis.org\/fr\/wp-json\/wp\/v2\/pages\/2235"}],"wp:attachment":[{"href":"http:\/\/www.nepsis.org\/fr\/wp-json\/wp\/v2\/media?parent=2243"}],"curies":[{"name":"wp","href":"https:\/\/api.w.org\/{rel}","templated":true}]}}