{"id":2241,"date":"2015-05-05T17:53:20","date_gmt":"2015-05-05T16:53:20","guid":{"rendered":"http:\/\/www.nepsis.org\/fr\/activites-culturelles\/concertul-de-colinde\/"},"modified":"2016-12-15T16:28:58","modified_gmt":"2016-12-15T15:28:58","slug":"concert-de-chants-de-noel","status":"publish","type":"page","link":"http:\/\/www.nepsis.org\/fr\/activites-culturelles\/concert-de-chants-de-noel\/","title":{"rendered":"Concert de chants de No\u00ebl"},"content":{"rendered":"<p>&nbsp;<\/p>\n<p><span style=\"font-weight: 400;\">La <strong>F\u00eate de No\u00ebl<\/strong> a une grande importance pour les chr\u00e9tiens, \u00e9tant la c\u00e9l\u00e9bration de la Naissance de notre Seigneur J\u00e9sus Christ.<\/span><\/p>\n<p><span style=\"font-weight: 400;\">Depuis des milliers d\u2019ann\u00e9es, les chr\u00e9tiens de partout c\u00e9l\u00e8brent la naissance du plus Saint des enfants pendant toute la p\u00e9riode avant les f\u00eates. Ainsi, les jeunes de notre association ont d\u00e9cid\u00e9 de continuer la tradition des \u201cColinde\u201d (les chants traditionnels roumains \u00e0 l\u2019occasion de No\u00ebl), dans le cadre d\u2019un \u00e9v\u00e8nement d\u00e9di\u00e9 \u00e0 tous ceux qui souhaitent entendre \u201cla bonne nouvelle\u201d.<\/span><\/p>\n<p>Rendez vous sur notre page \u00ab\u00a0\u00c9v\u00e8nements\u00a0\u00bb afin de retrouver l&rsquo;ensemble des dates des prochaines \u00e9ditions du festival d&rsquo;hiver.<\/p>\n<p>&nbsp;<\/p>\n<p><span style=\"color: #000080;\"><em>#NepsisTeam<\/em><\/span><\/p>\n","protected":false},"excerpt":{"rendered":"<p>&nbsp; La F\u00eate de No\u00ebl a une grande importance pour les chr\u00e9tiens, \u00e9tant la c\u00e9l\u00e9bration de la Naissance de notre Seigneur J\u00e9sus Christ. Depuis des milliers d\u2019ann\u00e9es, les chr\u00e9tiens de partout c\u00e9l\u00e8brent la naissance du plus Saint des enfants pendant toute la p\u00e9riode avant les f\u00eates. Ainsi, les jeunes de notre association ont d\u00e9cid\u00e9 de<a href=\"http:\/\/www.nepsis.org\/fr\/activites-culturelles\/concert-de-chants-de-noel\/\">[&#8230;]<\/a><\/p>\n","protected":false},"author":1,"featured_media":0,"parent":2235,"menu_order":0,"comment_status":"open","ping_status":"open","template":"","meta":{"rop_custom_images_group":[],"rop_custom_messages_group":[],"rop_publish_now":"initial","rop_publish_now_accounts":[],"rop_publish_now_history":[],"rop_publish_now_status":"pending","episode_type":"","audio_file":"","cover_image":"","cover_image_id":"","duration":"","filesize":"","date_recorded":"","explicit":"","block":"","itunes_episode_number":"","itunes_title":"","itunes_season_number":"","itunes_episode_type":"","filesize_raw":""},"_links":{"self":[{"href":"http:\/\/www.nepsis.org\/fr\/wp-json\/wp\/v2\/pages\/2241"}],"collection":[{"href":"http:\/\/www.nepsis.org\/fr\/wp-json\/wp\/v2\/pages"}],"about":[{"href":"http:\/\/www.nepsis.org\/fr\/wp-json\/wp\/v2\/types\/page"}],"author":[{"embeddable":true,"href":"http:\/\/www.nepsis.org\/fr\/wp-json\/wp\/v2\/users\/1"}],"replies":[{"embeddable":true,"href":"http:\/\/www.nepsis.org\/fr\/wp-json\/wp\/v2\/comments?post=2241"}],"version-history":[{"count":5,"href":"http:\/\/www.nepsis.org\/fr\/wp-json\/wp\/v2\/pages\/2241\/revisions"}],"predecessor-version":[{"id":3019,"href":"http:\/\/www.nepsis.org\/fr\/wp-json\/wp\/v2\/pages\/2241\/revisions\/3019"}],"up":[{"embeddable":true,"href":"http:\/\/www.nepsis.org\/fr\/wp-json\/wp\/v2\/pages\/2235"}],"wp:attachment":[{"href":"http:\/\/www.nepsis.org\/fr\/wp-json\/wp\/v2\/media?parent=2241"}],"curies":[{"name":"wp","href":"https:\/\/api.w.org\/{rel}","templated":true}]}}