{"id":2238,"date":"2015-05-05T17:52:10","date_gmt":"2015-05-05T16:52:10","guid":{"rendered":"http:\/\/www.nepsis.org\/fr\/activites-culturelles\/balul-tinerilor\/"},"modified":"2016-12-15T16:41:18","modified_gmt":"2016-12-15T15:41:18","slug":"soiree-jeunes","status":"publish","type":"page","link":"http:\/\/www.nepsis.org\/fr\/activites-culturelles\/soiree-jeunes\/","title":{"rendered":"Soir\u00e9e jeunes"},"content":{"rendered":"<p style=\"text-align: justify;\"><span style=\"color: #999999;\"><em>Page en attente d&rsquo;\u00eatre traduite<\/em><\/span><\/p>\n<p style=\"text-align: left;\"><span style=\"color: #999999;\"><em>Si tu veux donner un coup de main \u00e0 l&rsquo;\u00e9quipe #NepsisFrance n&rsquo;h\u00e9sites pas \u00e0 nous \u00e9crire \u00e0 nepsis.france@mitropolia.eu \ud83d\ude42\u00a0<\/em><\/span><\/p>\n<p style=\"text-align: justify;\">\n<p style=\"text-align: justify;\"><a href=\"http:\/\/www.nepsis.org\/wp-content\/uploads\/2015\/05\/Image2.jpg\" data-rel=\"lightbox-image-0\" data-rl_title=\"\" data-rl_caption=\"\" title=\"\"><img decoding=\"async\" loading=\"lazy\" class=\"aligncenter size-full wp-image-1725\" src=\"http:\/\/www.nepsis.org\/wp-content\/uploads\/2015\/05\/Image2.jpg\" alt=\"Image2\" width=\"750\" height=\"620\" srcset=\"http:\/\/www.nepsis.org\/wp-content\/uploads\/2015\/05\/Image2.jpg 750w, http:\/\/www.nepsis.org\/wp-content\/uploads\/2015\/05\/Image2-300x248.jpg 300w\" sizes=\"(max-width: 750px) 100vw, 750px\" \/><\/a><\/p>\n<p style=\"text-align: justify;\">\n","protected":false},"excerpt":{"rendered":"<p>Page en attente d&rsquo;\u00eatre traduite Si tu veux donner un coup de main \u00e0 l&rsquo;\u00e9quipe #NepsisFrance n&rsquo;h\u00e9sites pas \u00e0 nous \u00e9crire \u00e0 nepsis.france@mitropolia.eu \ud83d\ude42\u00a0<\/p>\n","protected":false},"author":1,"featured_media":2219,"parent":2235,"menu_order":0,"comment_status":"open","ping_status":"open","template":"","meta":{"rop_custom_images_group":[],"rop_custom_messages_group":[],"rop_publish_now":"initial","rop_publish_now_accounts":[],"rop_publish_now_history":[],"rop_publish_now_status":"pending","episode_type":"","audio_file":"","cover_image":"","cover_image_id":"","duration":"","filesize":"","date_recorded":"","explicit":"","block":"","itunes_episode_number":"","itunes_title":"","itunes_season_number":"","itunes_episode_type":"","filesize_raw":""},"_links":{"self":[{"href":"http:\/\/www.nepsis.org\/fr\/wp-json\/wp\/v2\/pages\/2238"}],"collection":[{"href":"http:\/\/www.nepsis.org\/fr\/wp-json\/wp\/v2\/pages"}],"about":[{"href":"http:\/\/www.nepsis.org\/fr\/wp-json\/wp\/v2\/types\/page"}],"author":[{"embeddable":true,"href":"http:\/\/www.nepsis.org\/fr\/wp-json\/wp\/v2\/users\/1"}],"replies":[{"embeddable":true,"href":"http:\/\/www.nepsis.org\/fr\/wp-json\/wp\/v2\/comments?post=2238"}],"version-history":[{"count":4,"href":"http:\/\/www.nepsis.org\/fr\/wp-json\/wp\/v2\/pages\/2238\/revisions"}],"predecessor-version":[{"id":3028,"href":"http:\/\/www.nepsis.org\/fr\/wp-json\/wp\/v2\/pages\/2238\/revisions\/3028"}],"up":[{"embeddable":true,"href":"http:\/\/www.nepsis.org\/fr\/wp-json\/wp\/v2\/pages\/2235"}],"wp:featuredmedia":[{"embeddable":true,"href":"http:\/\/www.nepsis.org\/fr\/wp-json\/wp\/v2\/media\/2219"}],"wp:attachment":[{"href":"http:\/\/www.nepsis.org\/fr\/wp-json\/wp\/v2\/media?parent=2238"}],"curies":[{"name":"wp","href":"https:\/\/api.w.org\/{rel}","templated":true}]}}