{"id":2229,"date":"2015-05-05T17:50:16","date_gmt":"2015-05-05T16:50:16","guid":{"rendered":"http:\/\/www.nepsis.org\/fr\/activites-artistiques\/martisor\/"},"modified":"2015-11-23T17:15:44","modified_gmt":"2015-11-23T16:15:44","slug":"martisor","status":"publish","type":"page","link":"http:\/\/www.nepsis.org\/fr\/activites-artistiques\/martisor\/","title":{"rendered":"M\u0103r\u0163i\u015for"},"content":{"rendered":"<p><span style=\"color: #000080;\"><strong>NEPSIS France<\/strong><\/span> organizeaz\u0103 \u00een fiecare an Ateliere de Crea\u0163ie, cu diferite teme, deschise tuturor tinerilor dornici s\u0103 \u00ee\u015fi dezvolte spiritul creativ.<\/p>\n<p>\u00cen Prim\u0103vara anului 2015, NEPSIS France a colaborat alaturi de asocia\u0163ia <strong><a href=\"http:\/\/franta.blogs.lsrs.ro\/\">LSRS<\/a><\/strong> (Liga Studen\u0163ilor Rom\u00e2ni din Str\u0103inatate \u2013 filiala Fran\u0163a) pentru organizarea primului <strong>Atelier de Confec\u0163ionare de M\u0103r\u0163i\u015foare<\/strong>.<br \/>\nEvenimentul a fost unul reu\u015fit, motiv pentru care s-a decis p\u0103strarea acestui eveniment in cadrul Atelierului de Crea\u0163ie si reiterarea lui in fiecare an \ud83d\ude42 .<\/p>\n<p>&nbsp;<\/p>\n<p><strong>Data desf\u0103\u015fur\u0103rii urm\u0103torului Atelier de Confec\u0163ionat M\u0103r\u0163i\u015foare va fi confirmat\u0103 \u00een cursul lunii Februarie 2016 pe aceast\u0103 pagin\u0103.<\/strong><br \/>\nTe a\u015ftept\u0103m cu drag.<\/p>\n<p><span style=\"color: #000080;\">Responsabil Atelier Crea\u0163ie : Nina CIORNEI &#8211; ninaciornei@mail.ru<\/span><\/p>\n<p>&nbsp;<\/p>\n<p><span style=\"color: #808080;\">@NEPSIS Team<\/span><br \/>\n<a href=\"http:\/\/www.nepsis.org\/wp-content\/uploads\/2015\/04\/image1.jpeg\" data-rel=\"lightbox-image-0\" data-rl_title=\"\" data-rl_caption=\"\" title=\"\"><img decoding=\"async\" loading=\"lazy\" class=\"aligncenter size-full wp-image-1371\" src=\"http:\/\/www.nepsis.org\/wp-content\/uploads\/2015\/04\/image1.jpeg\" alt=\"image1\" width=\"649\" height=\"433\" srcset=\"http:\/\/www.nepsis.org\/wp-content\/uploads\/2015\/04\/image1.jpeg 649w, http:\/\/www.nepsis.org\/wp-content\/uploads\/2015\/04\/image1-300x200.jpeg 300w\" sizes=\"(max-width: 649px) 100vw, 649px\" \/><\/a><\/p>\n<p>&nbsp;<\/p>\n<p><a href=\"http:\/\/www.nepsis.org\/wp-content\/uploads\/2015\/04\/image2.jpeg\" data-rel=\"lightbox-image-1\" data-rl_title=\"\" data-rl_caption=\"\" title=\"\"><img decoding=\"async\" loading=\"lazy\" class=\"aligncenter size-full wp-image-1372\" src=\"http:\/\/www.nepsis.org\/wp-content\/uploads\/2015\/04\/image2.jpeg\" alt=\"image2\" width=\"649\" height=\"433\" srcset=\"http:\/\/www.nepsis.org\/wp-content\/uploads\/2015\/04\/image2.jpeg 649w, http:\/\/www.nepsis.org\/wp-content\/uploads\/2015\/04\/image2-300x200.jpeg 300w\" sizes=\"(max-width: 649px) 100vw, 649px\" \/><\/a><\/p>\n<p><a href=\"http:\/\/www.nepsis.org\/wp-content\/uploads\/2015\/05\/11071466_884935338220563_5973144990625098684_o.jpg\" data-rel=\"lightbox-image-2\" data-rl_title=\"\" data-rl_caption=\"\" title=\"\"><img decoding=\"async\" loading=\"lazy\" class=\"aligncenter  wp-image-1735\" src=\"http:\/\/www.nepsis.org\/wp-content\/uploads\/2015\/05\/11071466_884935338220563_5973144990625098684_o.jpg\" alt=\"11071466_884935338220563_5973144990625098684_o\" width=\"648\" height=\"432\" srcset=\"http:\/\/www.nepsis.org\/wp-content\/uploads\/2015\/05\/11071466_884935338220563_5973144990625098684_o.jpg 2048w, http:\/\/www.nepsis.org\/wp-content\/uploads\/2015\/05\/11071466_884935338220563_5973144990625098684_o-300x200.jpg 300w, http:\/\/www.nepsis.org\/wp-content\/uploads\/2015\/05\/11071466_884935338220563_5973144990625098684_o-1024x683.jpg 1024w\" sizes=\"(max-width: 648px) 100vw, 648px\" \/><\/a><\/p>\n<p>&nbsp;<\/p>\n<p><a href=\"http:\/\/www.nepsis.org\/wp-content\/uploads\/2015\/05\/11083935_884934581553972_2627585147857781754_n.jpg\" data-rel=\"lightbox-image-3\" data-rl_title=\"\" data-rl_caption=\"\" title=\"\"><img decoding=\"async\" loading=\"lazy\" class=\"aligncenter size-full wp-image-1736\" src=\"http:\/\/www.nepsis.org\/wp-content\/uploads\/2015\/05\/11083935_884934581553972_2627585147857781754_n.jpg\" alt=\"11083935_884934581553972_2627585147857781754_n\" width=\"640\" height=\"960\" srcset=\"http:\/\/www.nepsis.org\/wp-content\/uploads\/2015\/05\/11083935_884934581553972_2627585147857781754_n.jpg 640w, http:\/\/www.nepsis.org\/wp-content\/uploads\/2015\/05\/11083935_884934581553972_2627585147857781754_n-200x300.jpg 200w\" sizes=\"(max-width: 640px) 100vw, 640px\" \/><\/a><\/p>\n<p>&nbsp;<\/p>\n<p>&nbsp;<\/p>\n<p>&nbsp;<\/p>\n<p>&nbsp;<\/p>\n","protected":false},"excerpt":{"rendered":"<p>NEPSIS France organizeaz\u0103 \u00een fiecare an Ateliere de Crea\u0163ie, cu diferite teme, deschise tuturor tinerilor dornici s\u0103 \u00ee\u015fi dezvolte spiritul creativ. \u00cen Prim\u0103vara anului 2015, NEPSIS France a colaborat alaturi de asocia\u0163ia LSRS (Liga Studen\u0163ilor Rom\u00e2ni din Str\u0103inatate \u2013 filiala Fran\u0163a) pentru organizarea primului Atelier de Confec\u0163ionare de M\u0103r\u0163i\u015foare. Evenimentul a fost unul reu\u015fit, motiv<a href=\"http:\/\/www.nepsis.org\/fr\/activites-artistiques\/martisor\/\">[&#8230;]<\/a><\/p>\n","protected":false},"author":1,"featured_media":0,"parent":2224,"menu_order":0,"comment_status":"open","ping_status":"open","template":"","meta":{"rop_custom_images_group":[],"rop_custom_messages_group":[],"rop_publish_now":"initial","rop_publish_now_accounts":[],"rop_publish_now_history":[],"rop_publish_now_status":"pending","episode_type":"","audio_file":"","cover_image":"","cover_image_id":"","duration":"","filesize":"","date_recorded":"","explicit":"","block":"","itunes_episode_number":"","itunes_title":"","itunes_season_number":"","itunes_episode_type":"","filesize_raw":""},"_links":{"self":[{"href":"http:\/\/www.nepsis.org\/fr\/wp-json\/wp\/v2\/pages\/2229"}],"collection":[{"href":"http:\/\/www.nepsis.org\/fr\/wp-json\/wp\/v2\/pages"}],"about":[{"href":"http:\/\/www.nepsis.org\/fr\/wp-json\/wp\/v2\/types\/page"}],"author":[{"embeddable":true,"href":"http:\/\/www.nepsis.org\/fr\/wp-json\/wp\/v2\/users\/1"}],"replies":[{"embeddable":true,"href":"http:\/\/www.nepsis.org\/fr\/wp-json\/wp\/v2\/comments?post=2229"}],"version-history":[{"count":1,"href":"http:\/\/www.nepsis.org\/fr\/wp-json\/wp\/v2\/pages\/2229\/revisions"}],"predecessor-version":[{"id":2232,"href":"http:\/\/www.nepsis.org\/fr\/wp-json\/wp\/v2\/pages\/2229\/revisions\/2232"}],"up":[{"embeddable":true,"href":"http:\/\/www.nepsis.org\/fr\/wp-json\/wp\/v2\/pages\/2224"}],"wp:attachment":[{"href":"http:\/\/www.nepsis.org\/fr\/wp-json\/wp\/v2\/media?parent=2229"}],"curies":[{"name":"wp","href":"https:\/\/api.w.org\/{rel}","templated":true}]}}