{"id":2227,"date":"2015-05-05T17:50:50","date_gmt":"2015-05-05T16:50:50","guid":{"rendered":"http:\/\/www.nepsis.org\/fr\/activites-artistiques\/felicitari-craciun\/"},"modified":"2015-11-23T17:14:31","modified_gmt":"2015-11-23T16:14:31","slug":"cartes-noel","status":"publish","type":"page","link":"http:\/\/www.nepsis.org\/fr\/activites-artistiques\/cartes-noel\/","title":{"rendered":"Cartes No\u00ebl"},"content":{"rendered":"<p><span style=\"color: #000000;\"><strong>NEPSIS France<\/strong> organizeaz\u0103 \u00een fiecare an <strong>Ateliere de Crea\u0163ie<\/strong>, cu<\/span> diferite teme, deschise tuturor tinerilor dornici s\u0103 \u00ee\u015fi dezvolte spiritul creativ.<br \/>\n<span style=\"color: #000080;\"><strong>De mai bine de 5 ani, \u00een cadrul acestui Atelier, organiz\u0103m cu ocazia venirii Cr\u0103ciunului un eveniment dedicat CONFEC\u0162ION\u0102RII DE FELICIT\u0102RI \ud83d\ude09<\/strong> <\/span>.<br \/>\nActivitatea este organizat\u0103 in cursul lunii Decembrie a fiec\u0103rui an \u015fi se desf\u0103\u015foar\u0103 pe durata a 3-4 ore. In func\u0163ie de num\u0103rul participan\u0163ilor \u015fi de dorin\u0163a acestora, felicit\u0103rile create pot fi p\u0103strate de c\u0103tre participan\u0163i, trimise c\u0103tre alte asocia\u0163ii \u015fi\/sau v\u00e2ndute \u00een scopuri caritabile.<\/p>\n<p>&nbsp;<\/p>\n<p><span style=\"color: #000080;\"><strong>In 2014, Atelierul de Crea\u0163ie s-a desf\u0103\u015furat in 2 etape:<\/strong><\/span><\/p>\n<ul>\n<li><strong>Etapa I\u00a0\u2013 6 Decembrie 2014:<\/strong> \u00a0echipa NEPSIS France a \u00eencadrat copiii <span style=\"text-decoration: underline;\">Parohiei Ortodoxe Romane \u201eSfin\u0163ii Trei Ierarhi\u201d din Romainville<\/span> la confec\u0163ionarea de felicit\u0103ri \u00een timpul \u00eempodobirii bradului de Cr\u0103ciun.<\/li>\n<\/ul>\n<p><a href=\"http:\/\/www.nepsis.org\/wp-content\/uploads\/2015\/04\/image3.jpg\" data-rel=\"lightbox-image-0\" data-rl_title=\"\" data-rl_caption=\"\" title=\"\"><img decoding=\"async\" loading=\"lazy\" class=\"aligncenter size-full wp-image-1373\" src=\"http:\/\/www.nepsis.org\/wp-content\/uploads\/2015\/04\/image3.jpg\" alt=\"image3\" width=\"960\" height=\"640\" srcset=\"http:\/\/www.nepsis.org\/wp-content\/uploads\/2015\/04\/image3.jpg 960w, http:\/\/www.nepsis.org\/wp-content\/uploads\/2015\/04\/image3-300x200.jpg 300w\" sizes=\"(max-width: 960px) 100vw, 960px\" \/><\/a><\/p>\n<p>&nbsp;<\/p>\n<p>&nbsp;<\/p>\n<ul>\n<li><strong>Etapa 2 \u2013 19 Decembrie 2014<\/strong>: o parte din tinerii nostri\u00a0s-au \u00eent\u00e2lnit pentru a confec\u0163iona \u015fi ei tradi\u0163ionalele felicitari de Cr\u0103ciun \ud83d\ude42<br \/>\n<a href=\"http:\/\/www.nepsis.org\/wp-content\/uploads\/2015\/04\/image4.jpeg\" data-rel=\"lightbox-image-1\" data-rl_title=\"\" data-rl_caption=\"\" title=\"\"><img decoding=\"async\" loading=\"lazy\" class=\"aligncenter size-full wp-image-1374\" src=\"http:\/\/www.nepsis.org\/wp-content\/uploads\/2015\/04\/image4.jpeg\" alt=\"image4\" width=\"499\" height=\"433\" srcset=\"http:\/\/www.nepsis.org\/wp-content\/uploads\/2015\/04\/image4.jpeg 499w, http:\/\/www.nepsis.org\/wp-content\/uploads\/2015\/04\/image4-300x260.jpeg 300w\" sizes=\"(max-width: 499px) 100vw, 499px\" \/><\/a><\/li>\n<\/ul>\n<p>&nbsp;<\/p>\n<p>Atelierul de Confec\u0163ionare Felicit\u0103ri te a\u015fteapt\u0103 anul acesta s\u0103 te al\u0103turi echipei \u015fi s\u0103 redescoperi copilul din tine\u00a0 \ud83d\ude00<br \/>\n<strong>Data desf\u0103\u015fur\u0103rii activit\u0103\u0163ii va fi confirmat\u0103 \u00een cursul lunii Noiembrie pe aceast\u0103 pagin\u0103.<\/strong><br \/>\nTe a\u015ftept\u0103m cu drag.<\/p>\n<p>&nbsp;<\/p>\n<p><span style=\"color: #000080;\">Responsabil Atelier Crea\u0163ie <\/span><\/p>\n<p><span style=\"color: #000080;\">Nina CIORNEI &#8211; ninaciornei@mail.ru<\/span><\/p>\n<p>&nbsp;<\/p>\n<p><span style=\"color: #808080;\">@NEPSIS Team<\/span><\/p>\n<p>&nbsp;<\/p>\n","protected":false},"excerpt":{"rendered":"<p>NEPSIS France organizeaz\u0103 \u00een fiecare an Ateliere de Crea\u0163ie, cu diferite teme, deschise tuturor tinerilor dornici s\u0103 \u00ee\u015fi dezvolte spiritul creativ. De mai bine de 5 ani, \u00een cadrul acestui Atelier, organiz\u0103m cu ocazia venirii Cr\u0103ciunului un eveniment dedicat CONFEC\u0162ION\u0102RII DE FELICIT\u0102RI \ud83d\ude09 . Activitatea este organizat\u0103 in cursul lunii Decembrie a fiec\u0103rui an \u015fi<a href=\"http:\/\/www.nepsis.org\/fr\/activites-artistiques\/cartes-noel\/\">[&#8230;]<\/a><\/p>\n","protected":false},"author":1,"featured_media":0,"parent":2224,"menu_order":0,"comment_status":"open","ping_status":"open","template":"","meta":{"rop_custom_images_group":[],"rop_custom_messages_group":[],"rop_publish_now":"initial","rop_publish_now_accounts":[],"rop_publish_now_history":[],"rop_publish_now_status":"pending","episode_type":"","audio_file":"","cover_image":"","cover_image_id":"","duration":"","filesize":"","date_recorded":"","explicit":"","block":"","itunes_episode_number":"","itunes_title":"","itunes_season_number":"","itunes_episode_type":"","filesize_raw":""},"_links":{"self":[{"href":"http:\/\/www.nepsis.org\/fr\/wp-json\/wp\/v2\/pages\/2227"}],"collection":[{"href":"http:\/\/www.nepsis.org\/fr\/wp-json\/wp\/v2\/pages"}],"about":[{"href":"http:\/\/www.nepsis.org\/fr\/wp-json\/wp\/v2\/types\/page"}],"author":[{"embeddable":true,"href":"http:\/\/www.nepsis.org\/fr\/wp-json\/wp\/v2\/users\/1"}],"replies":[{"embeddable":true,"href":"http:\/\/www.nepsis.org\/fr\/wp-json\/wp\/v2\/comments?post=2227"}],"version-history":[{"count":1,"href":"http:\/\/www.nepsis.org\/fr\/wp-json\/wp\/v2\/pages\/2227\/revisions"}],"predecessor-version":[{"id":2228,"href":"http:\/\/www.nepsis.org\/fr\/wp-json\/wp\/v2\/pages\/2227\/revisions\/2228"}],"up":[{"embeddable":true,"href":"http:\/\/www.nepsis.org\/fr\/wp-json\/wp\/v2\/pages\/2224"}],"wp:attachment":[{"href":"http:\/\/www.nepsis.org\/fr\/wp-json\/wp\/v2\/media?parent=2227"}],"curies":[{"name":"wp","href":"https:\/\/api.w.org\/{rel}","templated":true}]}}